{"id":2845,"date":"2022-03-10T16:23:11","date_gmt":"2022-03-10T16:23:11","guid":{"rendered":"https:\/\/aandreiaperes.com\/?page_id=2845"},"modified":"2022-03-10T16:25:04","modified_gmt":"2022-03-10T16:25:04","slug":"politica-de-cookies","status":"publish","type":"page","link":"https:\/\/aandreiaperes.com\/en\/politica-de-cookies\/","title":{"rendered":"Pol\u00edtica de Cookies"},"content":{"rendered":"<p>A tua privacidade \u00e9 muito importante para n\u00f3s. Por esse motivo, elabor\u00e1mos esta Pol\u00edtica de Cookies para te informar, enquanto Utilizadora ou Utilizador do nosso Website, que utilizamos cookies com o objetivo de te oferecer uma experi\u00eancia de navega\u00e7\u00e3o otimizada, fluida e adaptada \u00e0s tuas necessidades e como podes gerir a sua utiliza\u00e7\u00e3o.<\/p><p>A nossa Pol\u00edtica de Cookies faz parte integrante da nossa Pol\u00edtica de Privacidade, que podes consultar <a href=\"https:\/\/aandreiaperes.com\/en\/politica-de-privacidade\/\" data-type=\"URL\" data-id=\"https:\/\/aandreiaperes.com\/politica-de-privacidade\/\">aqui<\/a>.<\/p><p><strong>O que s\u00e3o Cookies?<\/strong><\/p><p>Os &#8220;cookies&#8221; s\u00e3o pequenos arquivos de texto que identificam o computador do Utilizador no nosso servidor. Os cookies em si n\u00e3o identificam o utilizador individual, apenas o computador utilizado. Os cookies n\u00e3o s\u00e3o usados para recolher dados pessoais.<\/p><p>Este Website utiliza cookies que servem para ajudar a determinar a utilidade, interesse e o n\u00famero de acessos ao Website, permitindo uma navega\u00e7\u00e3o mais r\u00e1pida e eficiente do mesmo, eliminando a necessidade de introduzir repetidamente as mesmas informa\u00e7\u00f5es. Desta forma, a AHUREWA poder\u00e1 prestar um servi\u00e7o mais personalizado e \u00e0 medida das Utilizadoras e Utilizadores.<\/p><p><strong>Os Cookies que utilizamos<\/strong><\/p><p>Os cookies utilizados neste site s\u00e3o os seguintes:<\/p><ul class=\"wp-block-list\"><li>PHPSESSID: cookie que permite ao Website responder a qualquer a\u00e7\u00e3o que a Utilizadora ou Utilizador executa no Website, tal como completar um formul\u00e1rio de inqu\u00e9rito. O Website n\u00e3o funciona corretamente se este cookie n\u00e3o for usado.<\/li><\/ul><ul class=\"wp-block-list\"><li>xms_user: cookie usado por utilizadores de backoffice. O Website funciona corretamente se este cookie n\u00e3o for usado.<\/li><\/ul><ul class=\"wp-block-list\"><li>__utma, __utmb, __utmc, __utmt, __utmz: Cookies __ utmz come\u00e7ando &#8220;__utm&#8221; permitem a fun\u00e7\u00e3o do software de an\u00e1lise (analytics). Este software ajuda a analisar os Utilizadores do Website e fornecer informa\u00e7\u00f5es an\u00f3nimas, como navegadores utilizados, visitantes de retorno e de resposta \u00e0s atividades de marketing. Esta informa\u00e7\u00e3o ajuda a AHUREWA a melhorar o site e a tua experi\u00eancia online.<\/li><\/ul><p><strong>Como desativar Cookies?<\/strong><\/p><p>Todos os browsers permitem ao Utilizador aceitar, recusar ou apagar cookies, nomeadamente atrav\u00e9s da sele\u00e7\u00e3o das defini\u00e7\u00f5es apropriadas no respetivo navegador. O Utilizador pode configurar os cookies no menu &#8220;op\u00e7\u00f5es&#8221; ou &#8220;prefer\u00eancias&#8221; do browser. Para saber mais sobre os cookies, incluindo a forma como pode gerir e excluir os cookies, o Utilizador poder\u00e1 visitar www.allaboutcookies.org.<\/p><p>Note-se, no entanto, que, ao desativar cookies, o Utilizador poder\u00e1 afetar, parcial ou totalmente, a sua experi\u00eancia de navega\u00e7\u00e3o no Website.<\/p><p><strong>Como poder\u00e1s conhecer quaisquer altera\u00e7\u00f5es \u00e0 nossa pol\u00edtica de Cookies?<\/strong><\/p><p>A AHUREWA reserva-se o direito de, a qualquer momento, proceder a modifica\u00e7\u00f5es ou atualiza\u00e7\u00f5es \u00e0 presente Pol\u00edtica de Cookies, altera\u00e7\u00f5es essas que ser\u00e3o devidamente atualizadas no Website. Sugerimos que a consulte regularmente para estares a par de eventuais altera\u00e7\u00f5es.<\/p>","protected":false},"excerpt":{"rendered":"<p>A tua privacidade \u00e9 muito importante para n\u00f3s. Por esse motivo, elabor\u00e1mos esta Pol\u00edtica de Cookies para te informar, enquanto Utilizadora ou Utilizador do nosso Website, que utilizamos cookies com o objetivo de te oferecer uma experi\u00eancia de navega\u00e7\u00e3o otimizada, fluida e adaptada \u00e0s tuas necessidades e como podes gerir a sua utiliza\u00e7\u00e3o. A nossa [&hellip;]<\/p>","protected":false},"author":3,"featured_media":0,"parent":0,"menu_order":0,"comment_status":"closed","ping_status":"closed","template":"","meta":{"footnotes":""},"class_list":["post-2845","page","type-page","status-publish","hentry"],"yoast_head":"<!-- This site is optimized with the Yoast SEO plugin v23.3 - https:\/\/yoast.com\/wordpress\/plugins\/seo\/ -->\n<title>Pol\u00edtica de Cookies - Andreia loves Jesus<\/title>\n<meta name=\"robots\" content=\"index, follow, max-snippet:-1, max-image-preview:large, max-video-preview:-1\" \/>\n<link rel=\"canonical\" href=\"https:\/\/aandreiaperes.com\/en\/politica-de-cookies\/\" \/>\n<meta property=\"og:locale\" content=\"en_US\" \/>\n<meta property=\"og:type\" content=\"article\" \/>\n<meta property=\"og:title\" content=\"Pol\u00edtica de Cookies - Andreia loves Jesus\" \/>\n<meta property=\"og:description\" content=\"A tua privacidade \u00e9 muito importante para n\u00f3s. Por esse motivo, elabor\u00e1mos esta Pol\u00edtica de Cookies para te informar, enquanto Utilizadora ou Utilizador do nosso Website, que utilizamos cookies com o objetivo de te oferecer uma experi\u00eancia de navega\u00e7\u00e3o otimizada, fluida e adaptada \u00e0s tuas necessidades e como podes gerir a sua utiliza\u00e7\u00e3o. A nossa [&hellip;]\" \/>\n<meta property=\"og:url\" content=\"https:\/\/aandreiaperes.com\/en\/politica-de-cookies\/\" \/>\n<meta property=\"og:site_name\" content=\"Andreia loves Jesus\" \/>\n<meta property=\"article:modified_time\" content=\"2022-03-10T16:25:04+00:00\" \/>\n<meta name=\"twitter:card\" content=\"summary_large_image\" \/>\n<meta name=\"twitter:label1\" content=\"Est. reading time\" \/>\n\t<meta name=\"twitter:data1\" content=\"2 minutes\" \/>\n<script type=\"application\/ld+json\" class=\"yoast-schema-graph\">{\"@context\":\"https:\/\/schema.org\",\"@graph\":[{\"@type\":\"WebPage\",\"@id\":\"https:\/\/aandreiaperes.com\/politica-de-cookies\/\",\"url\":\"https:\/\/aandreiaperes.com\/politica-de-cookies\/\",\"name\":\"Pol\u00edtica de Cookies - Andreia loves Jesus\",\"isPartOf\":{\"@id\":\"https:\/\/aandreiaperes.com\/#website\"},\"datePublished\":\"2022-03-10T16:23:11+00:00\",\"dateModified\":\"2022-03-10T16:25:04+00:00\",\"breadcrumb\":{\"@id\":\"https:\/\/aandreiaperes.com\/politica-de-cookies\/#breadcrumb\"},\"inLanguage\":\"en-US\",\"potentialAction\":[{\"@type\":\"ReadAction\",\"target\":[\"https:\/\/aandreiaperes.com\/politica-de-cookies\/\"]}]},{\"@type\":\"BreadcrumbList\",\"@id\":\"https:\/\/aandreiaperes.com\/politica-de-cookies\/#breadcrumb\",\"itemListElement\":[{\"@type\":\"ListItem\",\"position\":1,\"name\":\"In\u00edcio\",\"item\":\"https:\/\/aandreiaperes.com\/\"},{\"@type\":\"ListItem\",\"position\":2,\"name\":\"Pol\u00edtica de Cookies\"}]},{\"@type\":\"WebSite\",\"@id\":\"https:\/\/aandreiaperes.com\/#website\",\"url\":\"https:\/\/aandreiaperes.com\/\",\"name\":\"Andreia Peres\",\"description\":\"\",\"publisher\":{\"@id\":\"https:\/\/aandreiaperes.com\/#organization\"},\"potentialAction\":[{\"@type\":\"SearchAction\",\"target\":{\"@type\":\"EntryPoint\",\"urlTemplate\":\"https:\/\/aandreiaperes.com\/?s={search_term_string}\"},\"query-input\":\"required name=search_term_string\"}],\"inLanguage\":\"en-US\"},{\"@type\":\"Organization\",\"@id\":\"https:\/\/aandreiaperes.com\/#organization\",\"name\":\"Andreia Peres\",\"url\":\"https:\/\/aandreiaperes.com\/\",\"logo\":{\"@type\":\"ImageObject\",\"inLanguage\":\"en-US\",\"@id\":\"https:\/\/aandreiaperes.com\/#\/schema\/logo\/image\/\",\"url\":\"https:\/\/aandreiaperes.com\/wp-content\/uploads\/2021\/09\/Logo-dourado-1.png\",\"contentUrl\":\"https:\/\/aandreiaperes.com\/wp-content\/uploads\/2021\/09\/Logo-dourado-1.png\",\"width\":448,\"height\":161,\"caption\":\"Andreia Peres\"},\"image\":{\"@id\":\"https:\/\/aandreiaperes.com\/#\/schema\/logo\/image\/\"},\"sameAs\":[\"https:\/\/www.instagram.com\/a_andreiaperes\/?hl=pt\",\"https:\/\/www.youtube.com\/channel\/UCIavuFpJQIb22C_eq1u0oBg\",\"https:\/\/www.tiktok.com\/@a_andreiaperes\"]}]}<\/script>\n<!-- \/ Yoast SEO plugin. -->","yoast_head_json":{"title":"Pol\u00edtica de Cookies - Andreia loves Jesus","robots":{"index":"index","follow":"follow","max-snippet":"max-snippet:-1","max-image-preview":"max-image-preview:large","max-video-preview":"max-video-preview:-1"},"canonical":"https:\/\/aandreiaperes.com\/en\/politica-de-cookies\/","og_locale":"en_US","og_type":"article","og_title":"Pol\u00edtica de Cookies - Andreia loves Jesus","og_description":"A tua privacidade \u00e9 muito importante para n\u00f3s. Por esse motivo, elabor\u00e1mos esta Pol\u00edtica de Cookies para te informar, enquanto Utilizadora ou Utilizador do nosso Website, que utilizamos cookies com o objetivo de te oferecer uma experi\u00eancia de navega\u00e7\u00e3o otimizada, fluida e adaptada \u00e0s tuas necessidades e como podes gerir a sua utiliza\u00e7\u00e3o. A nossa [&hellip;]","og_url":"https:\/\/aandreiaperes.com\/en\/politica-de-cookies\/","og_site_name":"Andreia loves Jesus","article_modified_time":"2022-03-10T16:25:04+00:00","twitter_card":"summary_large_image","twitter_misc":{"Est. reading time":"2 minutes"},"schema":{"@context":"https:\/\/schema.org","@graph":[{"@type":"WebPage","@id":"https:\/\/aandreiaperes.com\/politica-de-cookies\/","url":"https:\/\/aandreiaperes.com\/politica-de-cookies\/","name":"Pol\u00edtica de Cookies - Andreia loves Jesus","isPartOf":{"@id":"https:\/\/aandreiaperes.com\/#website"},"datePublished":"2022-03-10T16:23:11+00:00","dateModified":"2022-03-10T16:25:04+00:00","breadcrumb":{"@id":"https:\/\/aandreiaperes.com\/politica-de-cookies\/#breadcrumb"},"inLanguage":"en-US","potentialAction":[{"@type":"ReadAction","target":["https:\/\/aandreiaperes.com\/politica-de-cookies\/"]}]},{"@type":"BreadcrumbList","@id":"https:\/\/aandreiaperes.com\/politica-de-cookies\/#breadcrumb","itemListElement":[{"@type":"ListItem","position":1,"name":"In\u00edcio","item":"https:\/\/aandreiaperes.com\/"},{"@type":"ListItem","position":2,"name":"Pol\u00edtica de Cookies"}]},{"@type":"WebSite","@id":"https:\/\/aandreiaperes.com\/#website","url":"https:\/\/aandreiaperes.com\/","name":"Andreia Peres","description":"","publisher":{"@id":"https:\/\/aandreiaperes.com\/#organization"},"potentialAction":[{"@type":"SearchAction","target":{"@type":"EntryPoint","urlTemplate":"https:\/\/aandreiaperes.com\/?s={search_term_string}"},"query-input":"required name=search_term_string"}],"inLanguage":"en-US"},{"@type":"Organization","@id":"https:\/\/aandreiaperes.com\/#organization","name":"Andreia Peres","url":"https:\/\/aandreiaperes.com\/","logo":{"@type":"ImageObject","inLanguage":"en-US","@id":"https:\/\/aandreiaperes.com\/#\/schema\/logo\/image\/","url":"https:\/\/aandreiaperes.com\/wp-content\/uploads\/2021\/09\/Logo-dourado-1.png","contentUrl":"https:\/\/aandreiaperes.com\/wp-content\/uploads\/2021\/09\/Logo-dourado-1.png","width":448,"height":161,"caption":"Andreia Peres"},"image":{"@id":"https:\/\/aandreiaperes.com\/#\/schema\/logo\/image\/"},"sameAs":["https:\/\/www.instagram.com\/a_andreiaperes\/?hl=pt","https:\/\/www.youtube.com\/channel\/UCIavuFpJQIb22C_eq1u0oBg","https:\/\/www.tiktok.com\/@a_andreiaperes"]}]}},"_links":{"self":[{"href":"https:\/\/aandreiaperes.com\/en\/wp-json\/wp\/v2\/pages\/2845"}],"collection":[{"href":"https:\/\/aandreiaperes.com\/en\/wp-json\/wp\/v2\/pages"}],"about":[{"href":"https:\/\/aandreiaperes.com\/en\/wp-json\/wp\/v2\/types\/page"}],"author":[{"embeddable":true,"href":"https:\/\/aandreiaperes.com\/en\/wp-json\/wp\/v2\/users\/3"}],"replies":[{"embeddable":true,"href":"https:\/\/aandreiaperes.com\/en\/wp-json\/wp\/v2\/comments?post=2845"}],"version-history":[{"count":0,"href":"https:\/\/aandreiaperes.com\/en\/wp-json\/wp\/v2\/pages\/2845\/revisions"}],"wp:attachment":[{"href":"https:\/\/aandreiaperes.com\/en\/wp-json\/wp\/v2\/media?parent=2845"}],"curies":[{"name":"wp","href":"https:\/\/api.w.org\/{rel}","templated":true}]}}