{"id":10701,"date":"2024-08-16T14:20:35","date_gmt":"2024-08-16T06:20:35","guid":{"rendered":"https:\/\/aandreiaperes.com\/?post_type=product&#038;p=10701"},"modified":"2024-08-18T14:36:26","modified_gmt":"2024-08-18T06:36:26","slug":"ebook-10-passos-para-te-tornares-feminina","status":"publish","type":"product","link":"https:\/\/aandreiaperes.com\/en\/product\/ebook-10-passos-para-te-tornares-feminina\/","title":{"rendered":"Ebook: 10 passos para te tornares feminina"},"content":{"rendered":"","protected":false},"excerpt":{"rendered":"<p>Neste livro partilho contigo os <strong>10 passos mais importantes para te transformares numa mulher feminina<\/strong> e viveres em amor e leveza.<\/p>\n<p>&nbsp;<\/p>\n<p>N\u00e3o acredites que para ti nunca vai acontecer. Claro que vai, se souberes o que fazer e como te posicionares da forma correta.<\/p>\n<p>&nbsp;<\/p>\n<p>Neste livro partilho abertamente aquilo que eu apliquei na minha vida e que ensino \u00e0s minhas alunas e mentoradas.<\/p>\n<p>Aqui ter\u00e1s todas as ferramentas para sa\u00edres de uma postura masculina, fechada e de controlo e te descobrires como mulher.<\/p>\n<p>Ao longo destas p\u00e1ginas conto-te tamb\u00e9m como foi o meu processo e provo-te que \u00e9 poss\u00edvel para ti esta mudan\u00e7a!<\/p>\n<p>&nbsp;<\/p>\n<p><strong>De masculina e controladora a feminina, feliz e leve!<\/strong><\/p>\n<p>&nbsp;<\/p>\n<p>A tua nova vida come\u00e7a agora!<\/p>\n<p>&nbsp;<\/p>\n<p>&nbsp;<\/p>","protected":false},"featured_media":10702,"comment_status":"open","ping_status":"closed","template":"","meta":[],"product_cat":[46,33,48,47],"product_tag":[],"class_list":{"0":"post-10701","1":"product","2":"type-product","3":"status-publish","4":"has-post-thumbnail","6":"product_cat-casamento","7":"product_cat-desenvolvimento-pessoal","8":"product_cat-feminino","9":"product_cat-relacionamentos","11":"first","12":"instock","13":"taxable","14":"shipping-taxable","15":"purchasable","16":"product-type-simple"},"yoast_head":"<!-- This site is optimized with the Yoast SEO plugin v23.3 - https:\/\/yoast.com\/wordpress\/plugins\/seo\/ -->\n<title>Ebook: 10 passos para te tornares feminina - Andreia loves Jesus<\/title>\n<meta name=\"robots\" content=\"noindex, follow\" \/>\n<meta property=\"og:locale\" content=\"en_US\" \/>\n<meta property=\"og:type\" content=\"article\" \/>\n<meta property=\"og:title\" content=\"Ebook: 10 passos para te tornares feminina - Andreia loves Jesus\" \/>\n<meta property=\"og:description\" content=\"Neste livro partilho contigo os 10 passos mais importantes para te transformares numa mulher feminina e viveres em amor e leveza.  &nbsp;  N\u00e3o acredites que para ti nunca vai acontecer. Claro que vai, se souberes o que fazer e como te posicionares da forma correta.  &nbsp;  Neste livro partilho abertamente aquilo que eu apliquei na minha vida e que ensino \u00e0s minhas alunas e mentoradas.  Aqui ter\u00e1s todas as ferramentas para sa\u00edres de uma postura masculina, fechada e de controlo e te descobrires como mulher.  Ao longo destas p\u00e1ginas conto-te tamb\u00e9m como foi o meu processo e provo-te que \u00e9 poss\u00edvel para ti esta mudan\u00e7a!  &nbsp;  De masculina e controladora a feminina, feliz e leve!  &nbsp;  A tua nova vida come\u00e7a agora!  &nbsp;  &nbsp;\" \/>\n<meta property=\"og:url\" content=\"https:\/\/aandreiaperes.com\/en\/product\/ebook-10-passos-para-te-tornares-feminina\/\" \/>\n<meta property=\"og:site_name\" content=\"Andreia loves Jesus\" \/>\n<meta property=\"article:modified_time\" content=\"2024-08-18T06:36:26+00:00\" \/>\n<meta property=\"og:image\" content=\"https:\/\/aandreiaperes.com\/wp-content\/uploads\/2024\/08\/ebook.png\" \/>\n\t<meta property=\"og:image:width\" content=\"1080\" \/>\n\t<meta property=\"og:image:height\" content=\"1080\" \/>\n\t<meta property=\"og:image:type\" content=\"image\/png\" \/>\n<meta name=\"twitter:card\" content=\"summary_large_image\" \/>\n<script type=\"application\/ld+json\" class=\"yoast-schema-graph\">{\"@context\":\"https:\/\/schema.org\",\"@graph\":[{\"@type\":\"WebPage\",\"@id\":\"https:\/\/aandreiaperes.com\/produto\/ebook-10-passos-para-te-tornares-feminina\/\",\"url\":\"https:\/\/aandreiaperes.com\/produto\/ebook-10-passos-para-te-tornares-feminina\/\",\"name\":\"Ebook: 10 passos para te tornares feminina - Andreia loves Jesus\",\"isPartOf\":{\"@id\":\"https:\/\/aandreiaperes.com\/#website\"},\"primaryImageOfPage\":{\"@id\":\"https:\/\/aandreiaperes.com\/produto\/ebook-10-passos-para-te-tornares-feminina\/#primaryimage\"},\"image\":{\"@id\":\"https:\/\/aandreiaperes.com\/produto\/ebook-10-passos-para-te-tornares-feminina\/#primaryimage\"},\"thumbnailUrl\":\"https:\/\/aandreiaperes.com\/wp-content\/uploads\/2024\/08\/ebook.png\",\"datePublished\":\"2024-08-16T06:20:35+00:00\",\"dateModified\":\"2024-08-18T06:36:26+00:00\",\"breadcrumb\":{\"@id\":\"https:\/\/aandreiaperes.com\/produto\/ebook-10-passos-para-te-tornares-feminina\/#breadcrumb\"},\"inLanguage\":\"en-US\",\"potentialAction\":[{\"@type\":\"ReadAction\",\"target\":[\"https:\/\/aandreiaperes.com\/produto\/ebook-10-passos-para-te-tornares-feminina\/\"]}]},{\"@type\":\"ImageObject\",\"inLanguage\":\"en-US\",\"@id\":\"https:\/\/aandreiaperes.com\/produto\/ebook-10-passos-para-te-tornares-feminina\/#primaryimage\",\"url\":\"https:\/\/aandreiaperes.com\/wp-content\/uploads\/2024\/08\/ebook.png\",\"contentUrl\":\"https:\/\/aandreiaperes.com\/wp-content\/uploads\/2024\/08\/ebook.png\",\"width\":1080,\"height\":1080},{\"@type\":\"BreadcrumbList\",\"@id\":\"https:\/\/aandreiaperes.com\/produto\/ebook-10-passos-para-te-tornares-feminina\/#breadcrumb\",\"itemListElement\":[{\"@type\":\"ListItem\",\"position\":1,\"name\":\"In\u00edcio\",\"item\":\"https:\/\/aandreiaperes.com\/\"},{\"@type\":\"ListItem\",\"position\":2,\"name\":\"Loja\",\"item\":\"https:\/\/aandreiaperes.com\/loja\/\"},{\"@type\":\"ListItem\",\"position\":3,\"name\":\"Ebook: 10 passos para te tornares feminina\"}]},{\"@type\":\"WebSite\",\"@id\":\"https:\/\/aandreiaperes.com\/#website\",\"url\":\"https:\/\/aandreiaperes.com\/\",\"name\":\"Andreia Peres\",\"description\":\"\",\"publisher\":{\"@id\":\"https:\/\/aandreiaperes.com\/#organization\"},\"potentialAction\":[{\"@type\":\"SearchAction\",\"target\":{\"@type\":\"EntryPoint\",\"urlTemplate\":\"https:\/\/aandreiaperes.com\/?s={search_term_string}\"},\"query-input\":\"required name=search_term_string\"}],\"inLanguage\":\"en-US\"},{\"@type\":\"Organization\",\"@id\":\"https:\/\/aandreiaperes.com\/#organization\",\"name\":\"Andreia Peres\",\"url\":\"https:\/\/aandreiaperes.com\/\",\"logo\":{\"@type\":\"ImageObject\",\"inLanguage\":\"en-US\",\"@id\":\"https:\/\/aandreiaperes.com\/#\/schema\/logo\/image\/\",\"url\":\"https:\/\/aandreiaperes.com\/wp-content\/uploads\/2021\/09\/Logo-dourado-1.png\",\"contentUrl\":\"https:\/\/aandreiaperes.com\/wp-content\/uploads\/2021\/09\/Logo-dourado-1.png\",\"width\":448,\"height\":161,\"caption\":\"Andreia Peres\"},\"image\":{\"@id\":\"https:\/\/aandreiaperes.com\/#\/schema\/logo\/image\/\"},\"sameAs\":[\"https:\/\/www.instagram.com\/a_andreiaperes\/?hl=pt\",\"https:\/\/www.youtube.com\/channel\/UCIavuFpJQIb22C_eq1u0oBg\",\"https:\/\/www.tiktok.com\/@a_andreiaperes\"]}]}<\/script>\n<!-- \/ Yoast SEO plugin. -->","yoast_head_json":{"title":"Ebook: 10 passos para te tornares feminina - Andreia loves Jesus","robots":{"index":"noindex","follow":"follow"},"og_locale":"en_US","og_type":"article","og_title":"Ebook: 10 passos para te tornares feminina - Andreia loves Jesus","og_description":"Neste livro partilho contigo os 10 passos mais importantes para te transformares numa mulher feminina e viveres em amor e leveza.  &nbsp;  N\u00e3o acredites que para ti nunca vai acontecer. Claro que vai, se souberes o que fazer e como te posicionares da forma correta.  &nbsp;  Neste livro partilho abertamente aquilo que eu apliquei na minha vida e que ensino \u00e0s minhas alunas e mentoradas.  Aqui ter\u00e1s todas as ferramentas para sa\u00edres de uma postura masculina, fechada e de controlo e te descobrires como mulher.  Ao longo destas p\u00e1ginas conto-te tamb\u00e9m como foi o meu processo e provo-te que \u00e9 poss\u00edvel para ti esta mudan\u00e7a!  &nbsp;  De masculina e controladora a feminina, feliz e leve!  &nbsp;  A tua nova vida come\u00e7a agora!  &nbsp;  &nbsp;","og_url":"https:\/\/aandreiaperes.com\/en\/product\/ebook-10-passos-para-te-tornares-feminina\/","og_site_name":"Andreia loves Jesus","article_modified_time":"2024-08-18T06:36:26+00:00","og_image":[{"width":1080,"height":1080,"url":"https:\/\/aandreiaperes.com\/wp-content\/uploads\/2024\/08\/ebook.png","type":"image\/png"}],"twitter_card":"summary_large_image","schema":{"@context":"https:\/\/schema.org","@graph":[{"@type":"WebPage","@id":"https:\/\/aandreiaperes.com\/produto\/ebook-10-passos-para-te-tornares-feminina\/","url":"https:\/\/aandreiaperes.com\/produto\/ebook-10-passos-para-te-tornares-feminina\/","name":"Ebook: 10 passos para te tornares feminina - Andreia loves Jesus","isPartOf":{"@id":"https:\/\/aandreiaperes.com\/#website"},"primaryImageOfPage":{"@id":"https:\/\/aandreiaperes.com\/produto\/ebook-10-passos-para-te-tornares-feminina\/#primaryimage"},"image":{"@id":"https:\/\/aandreiaperes.com\/produto\/ebook-10-passos-para-te-tornares-feminina\/#primaryimage"},"thumbnailUrl":"https:\/\/aandreiaperes.com\/wp-content\/uploads\/2024\/08\/ebook.png","datePublished":"2024-08-16T06:20:35+00:00","dateModified":"2024-08-18T06:36:26+00:00","breadcrumb":{"@id":"https:\/\/aandreiaperes.com\/produto\/ebook-10-passos-para-te-tornares-feminina\/#breadcrumb"},"inLanguage":"en-US","potentialAction":[{"@type":"ReadAction","target":["https:\/\/aandreiaperes.com\/produto\/ebook-10-passos-para-te-tornares-feminina\/"]}]},{"@type":"ImageObject","inLanguage":"en-US","@id":"https:\/\/aandreiaperes.com\/produto\/ebook-10-passos-para-te-tornares-feminina\/#primaryimage","url":"https:\/\/aandreiaperes.com\/wp-content\/uploads\/2024\/08\/ebook.png","contentUrl":"https:\/\/aandreiaperes.com\/wp-content\/uploads\/2024\/08\/ebook.png","width":1080,"height":1080},{"@type":"BreadcrumbList","@id":"https:\/\/aandreiaperes.com\/produto\/ebook-10-passos-para-te-tornares-feminina\/#breadcrumb","itemListElement":[{"@type":"ListItem","position":1,"name":"In\u00edcio","item":"https:\/\/aandreiaperes.com\/"},{"@type":"ListItem","position":2,"name":"Loja","item":"https:\/\/aandreiaperes.com\/loja\/"},{"@type":"ListItem","position":3,"name":"Ebook: 10 passos para te tornares feminina"}]},{"@type":"WebSite","@id":"https:\/\/aandreiaperes.com\/#website","url":"https:\/\/aandreiaperes.com\/","name":"Andreia Peres","description":"","publisher":{"@id":"https:\/\/aandreiaperes.com\/#organization"},"potentialAction":[{"@type":"SearchAction","target":{"@type":"EntryPoint","urlTemplate":"https:\/\/aandreiaperes.com\/?s={search_term_string}"},"query-input":"required name=search_term_string"}],"inLanguage":"en-US"},{"@type":"Organization","@id":"https:\/\/aandreiaperes.com\/#organization","name":"Andreia Peres","url":"https:\/\/aandreiaperes.com\/","logo":{"@type":"ImageObject","inLanguage":"en-US","@id":"https:\/\/aandreiaperes.com\/#\/schema\/logo\/image\/","url":"https:\/\/aandreiaperes.com\/wp-content\/uploads\/2021\/09\/Logo-dourado-1.png","contentUrl":"https:\/\/aandreiaperes.com\/wp-content\/uploads\/2021\/09\/Logo-dourado-1.png","width":448,"height":161,"caption":"Andreia Peres"},"image":{"@id":"https:\/\/aandreiaperes.com\/#\/schema\/logo\/image\/"},"sameAs":["https:\/\/www.instagram.com\/a_andreiaperes\/?hl=pt","https:\/\/www.youtube.com\/channel\/UCIavuFpJQIb22C_eq1u0oBg","https:\/\/www.tiktok.com\/@a_andreiaperes"]}]}},"_links":{"self":[{"href":"https:\/\/aandreiaperes.com\/en\/wp-json\/wp\/v2\/product\/10701"}],"collection":[{"href":"https:\/\/aandreiaperes.com\/en\/wp-json\/wp\/v2\/product"}],"about":[{"href":"https:\/\/aandreiaperes.com\/en\/wp-json\/wp\/v2\/types\/product"}],"replies":[{"embeddable":true,"href":"https:\/\/aandreiaperes.com\/en\/wp-json\/wp\/v2\/comments?post=10701"}],"wp:featuredmedia":[{"embeddable":true,"href":"https:\/\/aandreiaperes.com\/en\/wp-json\/wp\/v2\/media\/10702"}],"wp:attachment":[{"href":"https:\/\/aandreiaperes.com\/en\/wp-json\/wp\/v2\/media?parent=10701"}],"wp:term":[{"taxonomy":"product_cat","embeddable":true,"href":"https:\/\/aandreiaperes.com\/en\/wp-json\/wp\/v2\/product_cat?post=10701"},{"taxonomy":"product_tag","embeddable":true,"href":"https:\/\/aandreiaperes.com\/en\/wp-json\/wp\/v2\/product_tag?post=10701"}],"curies":[{"name":"wp","href":"https:\/\/api.w.org\/{rel}","templated":true}]}}