{"id":7442,"date":"2023-12-21T14:11:36","date_gmt":"2023-12-21T06:11:36","guid":{"rendered":"https:\/\/aandreiaperes.com\/?post_type=product&#038;p=7442"},"modified":"2024-06-28T22:57:59","modified_gmt":"2024-06-28T14:57:59","slug":"kit-natalino","status":"publish","type":"product","link":"https:\/\/aandreiaperes.com\/en\/product\/kit-natalino\/","title":{"rendered":"Kit Natalino"},"content":{"rendered":"","protected":false},"excerpt":{"rendered":"<p>&nbsp;<\/p>\n<h4>J\u00e1 a entrar em ansiedade porque sabes que vais rever aquelas pessoas no jantar de Natal?<\/h4>\n<p>&nbsp;<\/p>\n<h4>Os teus gatilhos j\u00e1 come\u00e7aram a ser ativados e ainda nem cheg\u00e1mos ao dia 24?<\/h4>\n<p>&nbsp;<\/p>\n<h4>O m\u00eas de Dezembro j\u00e1 est\u00e1 a ser pesado com tantos almo\u00e7os e jantares de Natal?<\/h4>\n<p>&nbsp;<\/p>\n<p>A pensar nisso eu criei o <strong>Kit Natalino<\/strong> com truques infal\u00edveis para te auxiliar nesta \u00e9poca de festas.<\/p>\n<p>&nbsp;<\/p>\n<p>O Kit \u00e9 composto por duas partes:<\/p>\n<h3>1. T\u00e9cnicas de equil\u00edbrio emocional<\/h3>\n<p>Estas s\u00e3o especialmente indicadas quando te sentes a afundar num mar de emo\u00e7\u00f5es que n\u00e3o sabes lidar. Muito t\u00edpico desta altura de festas com tantos confrontos, expectativas e diferen\u00e7as.<\/p>\n<p>Como costumo dizer, uma casa de banho existe em todo o lado. \ud83d\ude09 Podes ausentar-te 5 minutos, praticar estas t\u00e9cnicas e voltar ao conv\u00edvio familiar com uma nova perspetiva, confian\u00e7a e sabedoria.<\/p>\n<p>&nbsp;<\/p>\n<h3>2. T\u00e9cnicas para elimina\u00e7\u00e3o de excessos festivos<\/h3>\n<p>Estas t\u00e9cnicas s\u00e3o para ser usadas depois de teres comido mais do que era suposto para te ajudar, n\u00e3o s\u00f3, a sentir cheia de energia e vitalidade, mas sobretudo para ajudar o teu corpo a eliminar os excessos acumulados atrav\u00e9s do sistema digestivo e elimina\u00e7\u00e3o linf\u00e1tica.<\/p>\n<p>O teu corpo agradece, o teu intestino tamb\u00e9m, assim como o teu humor!<\/p>\n<p>&nbsp;<\/p>\n<p><strong>Tudo o que partilho neste kit \u00e9 o que fa\u00e7o regularmente e que me ajuda sempre em casos de urg\u00eancia.<\/strong><\/p>\n<p>O meu objetivo \u00e9 partilhar esta sabedoria para que ganhes autonomia na tua vida e confian\u00e7a em ti.<\/p>\n<p>&nbsp;<\/p>\n<p>Muito honrada de ir contigo para as tuas festas de Natal e Final de Ano.\ud83c\udf84<\/p>\n<p>&nbsp;<\/p>\n<p>&nbsp;<\/p>","protected":false},"featured_media":7449,"comment_status":"open","ping_status":"closed","template":"","meta":[],"product_cat":[21],"product_tag":[],"class_list":{"0":"post-7442","1":"product","2":"type-product","3":"status-publish","4":"has-post-thumbnail","6":"product_cat-sem-categoria","8":"first","9":"instock","10":"virtual","11":"taxable","12":"purchasable","13":"product-type-simple"},"yoast_head":"<!-- This site is optimized with the Yoast SEO plugin v23.3 - https:\/\/yoast.com\/wordpress\/plugins\/seo\/ -->\n<title>Kit Natalino - Andreia loves Jesus<\/title>\n<meta name=\"robots\" content=\"noindex, follow\" \/>\n<meta property=\"og:locale\" content=\"en_US\" \/>\n<meta property=\"og:type\" content=\"article\" \/>\n<meta property=\"og:title\" content=\"Kit Natalino - Andreia loves Jesus\" \/>\n<meta property=\"og:description\" content=\"&nbsp; J\u00e1 a entrar em ansiedade porque sabes que vais rever aquelas pessoas no jantar de Natal? &nbsp; Os teus gatilhos j\u00e1 come\u00e7aram a ser ativados e ainda nem cheg\u00e1mos ao dia 24? &nbsp; O m\u00eas de Dezembro j\u00e1 est\u00e1 a ser pesado com tantos almo\u00e7os e jantares de Natal? &nbsp;  A pensar nisso eu criei o Kit Natalino com truques infal\u00edveis para te auxiliar nesta \u00e9poca de festas.  &nbsp;  O Kit \u00e9 composto por duas partes: 1. T\u00e9cnicas de equil\u00edbrio emocional Estas s\u00e3o especialmente indicadas quando te sentes a afundar num mar de emo\u00e7\u00f5es que n\u00e3o sabes lidar. Muito t\u00edpico desta altura de festas com tantos confrontos, expectativas e diferen\u00e7as.  Como costumo dizer, uma casa de banho existe em todo o lado. \ud83d\ude09 Podes ausentar-te 5 minutos, praticar estas t\u00e9cnicas e voltar ao conv\u00edvio familiar com uma nova perspetiva, confian\u00e7a e sabedoria.  &nbsp; 2. T\u00e9cnicas para elimina\u00e7\u00e3o de excessos festivos Estas t\u00e9cnicas s\u00e3o para ser usadas depois de teres comido mais do que era suposto para te ajudar, n\u00e3o s\u00f3, a sentir cheia de energia e vitalidade, mas sobretudo para ajudar o teu corpo a eliminar os excessos acumulados atrav\u00e9s do sistema digestivo e elimina\u00e7\u00e3o linf\u00e1tica.  O teu corpo agradece, o teu intestino tamb\u00e9m, assim como o teu humor!  &nbsp;  Tudo o que partilho neste kit \u00e9 o que fa\u00e7o regularmente e que me ajuda sempre em casos de urg\u00eancia.  O meu objetivo \u00e9 partilhar esta sabedoria para que ganhes autonomia na tua vida e confian\u00e7a em ti.  &nbsp;  Muito honrada de ir contigo para as tuas festas de Natal e Final de Ano.\ud83c\udf84  &nbsp;  &nbsp;\" \/>\n<meta property=\"og:url\" content=\"https:\/\/aandreiaperes.com\/en\/product\/kit-natalino\/\" \/>\n<meta property=\"og:site_name\" content=\"Andreia loves Jesus\" \/>\n<meta property=\"article:modified_time\" content=\"2024-06-28T14:57:59+00:00\" \/>\n<meta property=\"og:image\" content=\"https:\/\/aandreiaperes.com\/wp-content\/uploads\/2023\/12\/kit-natalino-2.jpg\" \/>\n\t<meta property=\"og:image:width\" content=\"810\" \/>\n\t<meta property=\"og:image:height\" content=\"810\" \/>\n\t<meta property=\"og:image:type\" content=\"image\/jpeg\" \/>\n<meta name=\"twitter:card\" content=\"summary_large_image\" \/>\n<script type=\"application\/ld+json\" class=\"yoast-schema-graph\">{\"@context\":\"https:\/\/schema.org\",\"@graph\":[{\"@type\":\"WebPage\",\"@id\":\"https:\/\/aandreiaperes.com\/produto\/kit-natalino\/\",\"url\":\"https:\/\/aandreiaperes.com\/produto\/kit-natalino\/\",\"name\":\"Kit Natalino - Andreia loves Jesus\",\"isPartOf\":{\"@id\":\"https:\/\/aandreiaperes.com\/#website\"},\"primaryImageOfPage\":{\"@id\":\"https:\/\/aandreiaperes.com\/produto\/kit-natalino\/#primaryimage\"},\"image\":{\"@id\":\"https:\/\/aandreiaperes.com\/produto\/kit-natalino\/#primaryimage\"},\"thumbnailUrl\":\"https:\/\/aandreiaperes.com\/wp-content\/uploads\/2023\/12\/kit-natalino-2.jpg\",\"datePublished\":\"2023-12-21T06:11:36+00:00\",\"dateModified\":\"2024-06-28T14:57:59+00:00\",\"breadcrumb\":{\"@id\":\"https:\/\/aandreiaperes.com\/produto\/kit-natalino\/#breadcrumb\"},\"inLanguage\":\"en-US\",\"potentialAction\":[{\"@type\":\"ReadAction\",\"target\":[\"https:\/\/aandreiaperes.com\/produto\/kit-natalino\/\"]}]},{\"@type\":\"ImageObject\",\"inLanguage\":\"en-US\",\"@id\":\"https:\/\/aandreiaperes.com\/produto\/kit-natalino\/#primaryimage\",\"url\":\"https:\/\/aandreiaperes.com\/wp-content\/uploads\/2023\/12\/kit-natalino-2.jpg\",\"contentUrl\":\"https:\/\/aandreiaperes.com\/wp-content\/uploads\/2023\/12\/kit-natalino-2.jpg\",\"width\":810,\"height\":810},{\"@type\":\"BreadcrumbList\",\"@id\":\"https:\/\/aandreiaperes.com\/produto\/kit-natalino\/#breadcrumb\",\"itemListElement\":[{\"@type\":\"ListItem\",\"position\":1,\"name\":\"In\u00edcio\",\"item\":\"https:\/\/aandreiaperes.com\/\"},{\"@type\":\"ListItem\",\"position\":2,\"name\":\"Loja\",\"item\":\"https:\/\/aandreiaperes.com\/loja\/\"},{\"@type\":\"ListItem\",\"position\":3,\"name\":\"Kit Natalino\"}]},{\"@type\":\"WebSite\",\"@id\":\"https:\/\/aandreiaperes.com\/#website\",\"url\":\"https:\/\/aandreiaperes.com\/\",\"name\":\"Andreia Peres\",\"description\":\"\",\"publisher\":{\"@id\":\"https:\/\/aandreiaperes.com\/#organization\"},\"potentialAction\":[{\"@type\":\"SearchAction\",\"target\":{\"@type\":\"EntryPoint\",\"urlTemplate\":\"https:\/\/aandreiaperes.com\/?s={search_term_string}\"},\"query-input\":\"required name=search_term_string\"}],\"inLanguage\":\"en-US\"},{\"@type\":\"Organization\",\"@id\":\"https:\/\/aandreiaperes.com\/#organization\",\"name\":\"Andreia Peres\",\"url\":\"https:\/\/aandreiaperes.com\/\",\"logo\":{\"@type\":\"ImageObject\",\"inLanguage\":\"en-US\",\"@id\":\"https:\/\/aandreiaperes.com\/#\/schema\/logo\/image\/\",\"url\":\"https:\/\/aandreiaperes.com\/wp-content\/uploads\/2021\/09\/Logo-dourado-1.png\",\"contentUrl\":\"https:\/\/aandreiaperes.com\/wp-content\/uploads\/2021\/09\/Logo-dourado-1.png\",\"width\":448,\"height\":161,\"caption\":\"Andreia Peres\"},\"image\":{\"@id\":\"https:\/\/aandreiaperes.com\/#\/schema\/logo\/image\/\"},\"sameAs\":[\"https:\/\/www.instagram.com\/a_andreiaperes\/?hl=pt\",\"https:\/\/www.youtube.com\/channel\/UCIavuFpJQIb22C_eq1u0oBg\",\"https:\/\/www.tiktok.com\/@a_andreiaperes\"]}]}<\/script>\n<!-- \/ Yoast SEO plugin. -->","yoast_head_json":{"title":"Kit Natalino - Andreia loves Jesus","robots":{"index":"noindex","follow":"follow"},"og_locale":"en_US","og_type":"article","og_title":"Kit Natalino - Andreia loves Jesus","og_description":"&nbsp; J\u00e1 a entrar em ansiedade porque sabes que vais rever aquelas pessoas no jantar de Natal? &nbsp; Os teus gatilhos j\u00e1 come\u00e7aram a ser ativados e ainda nem cheg\u00e1mos ao dia 24? &nbsp; O m\u00eas de Dezembro j\u00e1 est\u00e1 a ser pesado com tantos almo\u00e7os e jantares de Natal? &nbsp;  A pensar nisso eu criei o Kit Natalino com truques infal\u00edveis para te auxiliar nesta \u00e9poca de festas.  &nbsp;  O Kit \u00e9 composto por duas partes: 1. T\u00e9cnicas de equil\u00edbrio emocional Estas s\u00e3o especialmente indicadas quando te sentes a afundar num mar de emo\u00e7\u00f5es que n\u00e3o sabes lidar. Muito t\u00edpico desta altura de festas com tantos confrontos, expectativas e diferen\u00e7as.  Como costumo dizer, uma casa de banho existe em todo o lado. \ud83d\ude09 Podes ausentar-te 5 minutos, praticar estas t\u00e9cnicas e voltar ao conv\u00edvio familiar com uma nova perspetiva, confian\u00e7a e sabedoria.  &nbsp; 2. T\u00e9cnicas para elimina\u00e7\u00e3o de excessos festivos Estas t\u00e9cnicas s\u00e3o para ser usadas depois de teres comido mais do que era suposto para te ajudar, n\u00e3o s\u00f3, a sentir cheia de energia e vitalidade, mas sobretudo para ajudar o teu corpo a eliminar os excessos acumulados atrav\u00e9s do sistema digestivo e elimina\u00e7\u00e3o linf\u00e1tica.  O teu corpo agradece, o teu intestino tamb\u00e9m, assim como o teu humor!  &nbsp;  Tudo o que partilho neste kit \u00e9 o que fa\u00e7o regularmente e que me ajuda sempre em casos de urg\u00eancia.  O meu objetivo \u00e9 partilhar esta sabedoria para que ganhes autonomia na tua vida e confian\u00e7a em ti.  &nbsp;  Muito honrada de ir contigo para as tuas festas de Natal e Final de Ano.\ud83c\udf84  &nbsp;  &nbsp;","og_url":"https:\/\/aandreiaperes.com\/en\/product\/kit-natalino\/","og_site_name":"Andreia loves Jesus","article_modified_time":"2024-06-28T14:57:59+00:00","og_image":[{"width":810,"height":810,"url":"https:\/\/aandreiaperes.com\/wp-content\/uploads\/2023\/12\/kit-natalino-2.jpg","type":"image\/jpeg"}],"twitter_card":"summary_large_image","schema":{"@context":"https:\/\/schema.org","@graph":[{"@type":"WebPage","@id":"https:\/\/aandreiaperes.com\/produto\/kit-natalino\/","url":"https:\/\/aandreiaperes.com\/produto\/kit-natalino\/","name":"Kit Natalino - Andreia loves Jesus","isPartOf":{"@id":"https:\/\/aandreiaperes.com\/#website"},"primaryImageOfPage":{"@id":"https:\/\/aandreiaperes.com\/produto\/kit-natalino\/#primaryimage"},"image":{"@id":"https:\/\/aandreiaperes.com\/produto\/kit-natalino\/#primaryimage"},"thumbnailUrl":"https:\/\/aandreiaperes.com\/wp-content\/uploads\/2023\/12\/kit-natalino-2.jpg","datePublished":"2023-12-21T06:11:36+00:00","dateModified":"2024-06-28T14:57:59+00:00","breadcrumb":{"@id":"https:\/\/aandreiaperes.com\/produto\/kit-natalino\/#breadcrumb"},"inLanguage":"en-US","potentialAction":[{"@type":"ReadAction","target":["https:\/\/aandreiaperes.com\/produto\/kit-natalino\/"]}]},{"@type":"ImageObject","inLanguage":"en-US","@id":"https:\/\/aandreiaperes.com\/produto\/kit-natalino\/#primaryimage","url":"https:\/\/aandreiaperes.com\/wp-content\/uploads\/2023\/12\/kit-natalino-2.jpg","contentUrl":"https:\/\/aandreiaperes.com\/wp-content\/uploads\/2023\/12\/kit-natalino-2.jpg","width":810,"height":810},{"@type":"BreadcrumbList","@id":"https:\/\/aandreiaperes.com\/produto\/kit-natalino\/#breadcrumb","itemListElement":[{"@type":"ListItem","position":1,"name":"In\u00edcio","item":"https:\/\/aandreiaperes.com\/"},{"@type":"ListItem","position":2,"name":"Loja","item":"https:\/\/aandreiaperes.com\/loja\/"},{"@type":"ListItem","position":3,"name":"Kit Natalino"}]},{"@type":"WebSite","@id":"https:\/\/aandreiaperes.com\/#website","url":"https:\/\/aandreiaperes.com\/","name":"Andreia Peres","description":"","publisher":{"@id":"https:\/\/aandreiaperes.com\/#organization"},"potentialAction":[{"@type":"SearchAction","target":{"@type":"EntryPoint","urlTemplate":"https:\/\/aandreiaperes.com\/?s={search_term_string}"},"query-input":"required name=search_term_string"}],"inLanguage":"en-US"},{"@type":"Organization","@id":"https:\/\/aandreiaperes.com\/#organization","name":"Andreia Peres","url":"https:\/\/aandreiaperes.com\/","logo":{"@type":"ImageObject","inLanguage":"en-US","@id":"https:\/\/aandreiaperes.com\/#\/schema\/logo\/image\/","url":"https:\/\/aandreiaperes.com\/wp-content\/uploads\/2021\/09\/Logo-dourado-1.png","contentUrl":"https:\/\/aandreiaperes.com\/wp-content\/uploads\/2021\/09\/Logo-dourado-1.png","width":448,"height":161,"caption":"Andreia Peres"},"image":{"@id":"https:\/\/aandreiaperes.com\/#\/schema\/logo\/image\/"},"sameAs":["https:\/\/www.instagram.com\/a_andreiaperes\/?hl=pt","https:\/\/www.youtube.com\/channel\/UCIavuFpJQIb22C_eq1u0oBg","https:\/\/www.tiktok.com\/@a_andreiaperes"]}]}},"_links":{"self":[{"href":"https:\/\/aandreiaperes.com\/en\/wp-json\/wp\/v2\/product\/7442"}],"collection":[{"href":"https:\/\/aandreiaperes.com\/en\/wp-json\/wp\/v2\/product"}],"about":[{"href":"https:\/\/aandreiaperes.com\/en\/wp-json\/wp\/v2\/types\/product"}],"replies":[{"embeddable":true,"href":"https:\/\/aandreiaperes.com\/en\/wp-json\/wp\/v2\/comments?post=7442"}],"wp:featuredmedia":[{"embeddable":true,"href":"https:\/\/aandreiaperes.com\/en\/wp-json\/wp\/v2\/media\/7449"}],"wp:attachment":[{"href":"https:\/\/aandreiaperes.com\/en\/wp-json\/wp\/v2\/media?parent=7442"}],"wp:term":[{"taxonomy":"product_cat","embeddable":true,"href":"https:\/\/aandreiaperes.com\/en\/wp-json\/wp\/v2\/product_cat?post=7442"},{"taxonomy":"product_tag","embeddable":true,"href":"https:\/\/aandreiaperes.com\/en\/wp-json\/wp\/v2\/product_tag?post=7442"}],"curies":[{"name":"wp","href":"https:\/\/api.w.org\/{rel}","templated":true}]}}