{"id":7715,"date":"2024-01-29T15:54:43","date_gmt":"2024-01-29T07:54:43","guid":{"rendered":"https:\/\/aandreiaperes.com\/?post_type=product&#038;p=7715"},"modified":"2024-10-05T11:07:53","modified_gmt":"2024-10-05T03:07:53","slug":"cursofemininaefeliz","status":"publish","type":"product","link":"https:\/\/aandreiaperes.com\/en\/product\/cursofemininaefeliz\/","title":{"rendered":"O Poder em Ti"},"content":{"rendered":"","protected":false},"excerpt":{"rendered":"<p>Encontra-te como mulher e vive atrav\u00e9s da tua for\u00e7a feminina.<\/p>\n<p>Desenvolver um feminino virtuoso e com valores \u00e9 uma for\u00e7a da natureza, capaz de moldar a sociedade.<\/p>\n<p>\u00c9 isso que te proponho neste curso: uma revolu\u00e7\u00e3o de ti como mulher e um novo alinhamento nas v\u00e1rias \u00e1reas da tua vida!<\/p>","protected":false},"featured_media":11031,"comment_status":"open","ping_status":"closed","template":"","meta":[],"product_cat":[46,33,45,48,47],"product_tag":[],"class_list":{"0":"post-7715","1":"product","2":"type-product","3":"status-publish","4":"has-post-thumbnail","6":"product_cat-casamento","7":"product_cat-desenvolvimento-pessoal","8":"product_cat-dinheiro","9":"product_cat-feminino","10":"product_cat-relacionamentos","12":"first","13":"instock","14":"taxable","15":"shipping-taxable","16":"purchasable","17":"product-type-variable"},"yoast_head":"<!-- This site is optimized with the Yoast SEO plugin v23.3 - https:\/\/yoast.com\/wordpress\/plugins\/seo\/ -->\n<title>O Poder em Ti - Andreia loves Jesus<\/title>\n<meta name=\"robots\" content=\"noindex, follow\" \/>\n<meta property=\"og:locale\" content=\"en_US\" \/>\n<meta property=\"og:type\" content=\"article\" \/>\n<meta property=\"og:title\" content=\"O Poder em Ti - Andreia loves Jesus\" \/>\n<meta property=\"og:description\" content=\"Encontra-te como mulher e vive atrav\u00e9s da tua for\u00e7a feminina.  Desenvolver um feminino virtuoso e com valores \u00e9 uma for\u00e7a da natureza, capaz de moldar a sociedade.  \u00c9 isso que te proponho neste curso: uma revolu\u00e7\u00e3o de ti como mulher e um novo alinhamento nas v\u00e1rias \u00e1reas da tua vida!\" \/>\n<meta property=\"og:url\" content=\"https:\/\/aandreiaperes.com\/en\/product\/cursofemininaefeliz\/\" \/>\n<meta property=\"og:site_name\" content=\"Andreia loves Jesus\" \/>\n<meta property=\"article:modified_time\" content=\"2024-10-05T03:07:53+00:00\" \/>\n<meta property=\"og:image\" content=\"https:\/\/aandreiaperes.com\/wp-content\/uploads\/2024\/01\/Pagina-de-produto-O-Poder-em-Ti-1.png\" \/>\n\t<meta property=\"og:image:width\" content=\"1080\" \/>\n\t<meta property=\"og:image:height\" content=\"1080\" \/>\n\t<meta property=\"og:image:type\" content=\"image\/png\" \/>\n<meta name=\"twitter:card\" content=\"summary_large_image\" \/>\n<script type=\"application\/ld+json\" class=\"yoast-schema-graph\">{\"@context\":\"https:\/\/schema.org\",\"@graph\":[{\"@type\":\"WebPage\",\"@id\":\"https:\/\/aandreiaperes.com\/produto\/cursofemininaefeliz\/\",\"url\":\"https:\/\/aandreiaperes.com\/produto\/cursofemininaefeliz\/\",\"name\":\"O Poder em Ti - Andreia loves Jesus\",\"isPartOf\":{\"@id\":\"https:\/\/aandreiaperes.com\/#website\"},\"primaryImageOfPage\":{\"@id\":\"https:\/\/aandreiaperes.com\/produto\/cursofemininaefeliz\/#primaryimage\"},\"image\":{\"@id\":\"https:\/\/aandreiaperes.com\/produto\/cursofemininaefeliz\/#primaryimage\"},\"thumbnailUrl\":\"https:\/\/aandreiaperes.com\/wp-content\/uploads\/2024\/01\/Pagina-de-produto-O-Poder-em-Ti-1.png\",\"datePublished\":\"2024-01-29T07:54:43+00:00\",\"dateModified\":\"2024-10-05T03:07:53+00:00\",\"breadcrumb\":{\"@id\":\"https:\/\/aandreiaperes.com\/produto\/cursofemininaefeliz\/#breadcrumb\"},\"inLanguage\":\"en-US\",\"potentialAction\":[{\"@type\":\"ReadAction\",\"target\":[\"https:\/\/aandreiaperes.com\/produto\/cursofemininaefeliz\/\"]}]},{\"@type\":\"ImageObject\",\"inLanguage\":\"en-US\",\"@id\":\"https:\/\/aandreiaperes.com\/produto\/cursofemininaefeliz\/#primaryimage\",\"url\":\"https:\/\/aandreiaperes.com\/wp-content\/uploads\/2024\/01\/Pagina-de-produto-O-Poder-em-Ti-1.png\",\"contentUrl\":\"https:\/\/aandreiaperes.com\/wp-content\/uploads\/2024\/01\/Pagina-de-produto-O-Poder-em-Ti-1.png\",\"width\":1080,\"height\":1080},{\"@type\":\"BreadcrumbList\",\"@id\":\"https:\/\/aandreiaperes.com\/produto\/cursofemininaefeliz\/#breadcrumb\",\"itemListElement\":[{\"@type\":\"ListItem\",\"position\":1,\"name\":\"In\u00edcio\",\"item\":\"https:\/\/aandreiaperes.com\/\"},{\"@type\":\"ListItem\",\"position\":2,\"name\":\"Loja\",\"item\":\"https:\/\/aandreiaperes.com\/loja\/\"},{\"@type\":\"ListItem\",\"position\":3,\"name\":\"O Poder em Ti\"}]},{\"@type\":\"WebSite\",\"@id\":\"https:\/\/aandreiaperes.com\/#website\",\"url\":\"https:\/\/aandreiaperes.com\/\",\"name\":\"Andreia Peres\",\"description\":\"\",\"publisher\":{\"@id\":\"https:\/\/aandreiaperes.com\/#organization\"},\"potentialAction\":[{\"@type\":\"SearchAction\",\"target\":{\"@type\":\"EntryPoint\",\"urlTemplate\":\"https:\/\/aandreiaperes.com\/?s={search_term_string}\"},\"query-input\":\"required name=search_term_string\"}],\"inLanguage\":\"en-US\"},{\"@type\":\"Organization\",\"@id\":\"https:\/\/aandreiaperes.com\/#organization\",\"name\":\"Andreia Peres\",\"url\":\"https:\/\/aandreiaperes.com\/\",\"logo\":{\"@type\":\"ImageObject\",\"inLanguage\":\"en-US\",\"@id\":\"https:\/\/aandreiaperes.com\/#\/schema\/logo\/image\/\",\"url\":\"https:\/\/aandreiaperes.com\/wp-content\/uploads\/2021\/09\/Logo-dourado-1.png\",\"contentUrl\":\"https:\/\/aandreiaperes.com\/wp-content\/uploads\/2021\/09\/Logo-dourado-1.png\",\"width\":448,\"height\":161,\"caption\":\"Andreia Peres\"},\"image\":{\"@id\":\"https:\/\/aandreiaperes.com\/#\/schema\/logo\/image\/\"},\"sameAs\":[\"https:\/\/www.instagram.com\/a_andreiaperes\/?hl=pt\",\"https:\/\/www.youtube.com\/channel\/UCIavuFpJQIb22C_eq1u0oBg\",\"https:\/\/www.tiktok.com\/@a_andreiaperes\"]}]}<\/script>\n<!-- \/ Yoast SEO plugin. -->","yoast_head_json":{"title":"O Poder em Ti - Andreia loves Jesus","robots":{"index":"noindex","follow":"follow"},"og_locale":"en_US","og_type":"article","og_title":"O Poder em Ti - Andreia loves Jesus","og_description":"Encontra-te como mulher e vive atrav\u00e9s da tua for\u00e7a feminina.  Desenvolver um feminino virtuoso e com valores \u00e9 uma for\u00e7a da natureza, capaz de moldar a sociedade.  \u00c9 isso que te proponho neste curso: uma revolu\u00e7\u00e3o de ti como mulher e um novo alinhamento nas v\u00e1rias \u00e1reas da tua vida!","og_url":"https:\/\/aandreiaperes.com\/en\/product\/cursofemininaefeliz\/","og_site_name":"Andreia loves Jesus","article_modified_time":"2024-10-05T03:07:53+00:00","og_image":[{"width":1080,"height":1080,"url":"https:\/\/aandreiaperes.com\/wp-content\/uploads\/2024\/01\/Pagina-de-produto-O-Poder-em-Ti-1.png","type":"image\/png"}],"twitter_card":"summary_large_image","schema":{"@context":"https:\/\/schema.org","@graph":[{"@type":"WebPage","@id":"https:\/\/aandreiaperes.com\/produto\/cursofemininaefeliz\/","url":"https:\/\/aandreiaperes.com\/produto\/cursofemininaefeliz\/","name":"O Poder em Ti - Andreia loves Jesus","isPartOf":{"@id":"https:\/\/aandreiaperes.com\/#website"},"primaryImageOfPage":{"@id":"https:\/\/aandreiaperes.com\/produto\/cursofemininaefeliz\/#primaryimage"},"image":{"@id":"https:\/\/aandreiaperes.com\/produto\/cursofemininaefeliz\/#primaryimage"},"thumbnailUrl":"https:\/\/aandreiaperes.com\/wp-content\/uploads\/2024\/01\/Pagina-de-produto-O-Poder-em-Ti-1.png","datePublished":"2024-01-29T07:54:43+00:00","dateModified":"2024-10-05T03:07:53+00:00","breadcrumb":{"@id":"https:\/\/aandreiaperes.com\/produto\/cursofemininaefeliz\/#breadcrumb"},"inLanguage":"en-US","potentialAction":[{"@type":"ReadAction","target":["https:\/\/aandreiaperes.com\/produto\/cursofemininaefeliz\/"]}]},{"@type":"ImageObject","inLanguage":"en-US","@id":"https:\/\/aandreiaperes.com\/produto\/cursofemininaefeliz\/#primaryimage","url":"https:\/\/aandreiaperes.com\/wp-content\/uploads\/2024\/01\/Pagina-de-produto-O-Poder-em-Ti-1.png","contentUrl":"https:\/\/aandreiaperes.com\/wp-content\/uploads\/2024\/01\/Pagina-de-produto-O-Poder-em-Ti-1.png","width":1080,"height":1080},{"@type":"BreadcrumbList","@id":"https:\/\/aandreiaperes.com\/produto\/cursofemininaefeliz\/#breadcrumb","itemListElement":[{"@type":"ListItem","position":1,"name":"In\u00edcio","item":"https:\/\/aandreiaperes.com\/"},{"@type":"ListItem","position":2,"name":"Loja","item":"https:\/\/aandreiaperes.com\/loja\/"},{"@type":"ListItem","position":3,"name":"O Poder em Ti"}]},{"@type":"WebSite","@id":"https:\/\/aandreiaperes.com\/#website","url":"https:\/\/aandreiaperes.com\/","name":"Andreia Peres","description":"","publisher":{"@id":"https:\/\/aandreiaperes.com\/#organization"},"potentialAction":[{"@type":"SearchAction","target":{"@type":"EntryPoint","urlTemplate":"https:\/\/aandreiaperes.com\/?s={search_term_string}"},"query-input":"required name=search_term_string"}],"inLanguage":"en-US"},{"@type":"Organization","@id":"https:\/\/aandreiaperes.com\/#organization","name":"Andreia Peres","url":"https:\/\/aandreiaperes.com\/","logo":{"@type":"ImageObject","inLanguage":"en-US","@id":"https:\/\/aandreiaperes.com\/#\/schema\/logo\/image\/","url":"https:\/\/aandreiaperes.com\/wp-content\/uploads\/2021\/09\/Logo-dourado-1.png","contentUrl":"https:\/\/aandreiaperes.com\/wp-content\/uploads\/2021\/09\/Logo-dourado-1.png","width":448,"height":161,"caption":"Andreia Peres"},"image":{"@id":"https:\/\/aandreiaperes.com\/#\/schema\/logo\/image\/"},"sameAs":["https:\/\/www.instagram.com\/a_andreiaperes\/?hl=pt","https:\/\/www.youtube.com\/channel\/UCIavuFpJQIb22C_eq1u0oBg","https:\/\/www.tiktok.com\/@a_andreiaperes"]}]}},"_links":{"self":[{"href":"https:\/\/aandreiaperes.com\/en\/wp-json\/wp\/v2\/product\/7715"}],"collection":[{"href":"https:\/\/aandreiaperes.com\/en\/wp-json\/wp\/v2\/product"}],"about":[{"href":"https:\/\/aandreiaperes.com\/en\/wp-json\/wp\/v2\/types\/product"}],"replies":[{"embeddable":true,"href":"https:\/\/aandreiaperes.com\/en\/wp-json\/wp\/v2\/comments?post=7715"}],"wp:featuredmedia":[{"embeddable":true,"href":"https:\/\/aandreiaperes.com\/en\/wp-json\/wp\/v2\/media\/11031"}],"wp:attachment":[{"href":"https:\/\/aandreiaperes.com\/en\/wp-json\/wp\/v2\/media?parent=7715"}],"wp:term":[{"taxonomy":"product_cat","embeddable":true,"href":"https:\/\/aandreiaperes.com\/en\/wp-json\/wp\/v2\/product_cat?post=7715"},{"taxonomy":"product_tag","embeddable":true,"href":"https:\/\/aandreiaperes.com\/en\/wp-json\/wp\/v2\/product_tag?post=7715"}],"curies":[{"name":"wp","href":"https:\/\/api.w.org\/{rel}","templated":true}]}}