{"id":7987,"date":"2024-02-24T08:51:04","date_gmt":"2024-02-24T00:51:04","guid":{"rendered":"https:\/\/aandreiaperes.com\/?post_type=product&#038;p=7987"},"modified":"2024-02-27T07:52:32","modified_gmt":"2024-02-26T23:52:32","slug":"clube-de-investidores-iniciacao-aos-investimentos","status":"publish","type":"product","link":"https:\/\/aandreiaperes.com\/en\/product\/clube-de-investidores-iniciacao-aos-investimentos\/","title":{"rendered":"Clube de Investidores &#8211; inicia\u00e7\u00e3o aos investimentos"},"content":{"rendered":"<p>D\u00e1 os primeiros passos nos teus investimentos com uma linguagem simples e acess\u00edvel.<\/p>\n<p>O dinheiro \u00e9 uma parte central da nossa vida. \u00c9 imprescind\u00edvel perceber como funciona e como o podemos utilizar a nosso favor.<\/p>\n<p>&nbsp;<\/p>","protected":false},"excerpt":{"rendered":"<p>D\u00e1 os primeiros passos nos teus investimentos com uma linguagem simples e acess\u00edvel. O dinheiro \u00e9 uma parte central da nossa vida. \u00c9 imprescind\u00edvel perceber como funciona e como o podemos utilizar a nosso favor. &nbsp;<\/p>","protected":false},"featured_media":7992,"comment_status":"open","ping_status":"closed","template":"","meta":[],"product_cat":[45],"product_tag":[],"class_list":{"0":"post-7987","1":"product","2":"type-product","3":"status-publish","4":"has-post-thumbnail","6":"product_cat-dinheiro","8":"first","9":"instock","10":"taxable","11":"shipping-taxable","12":"purchasable","13":"product-type-simple"},"yoast_head":"<!-- This site is optimized with the Yoast SEO plugin v23.3 - https:\/\/yoast.com\/wordpress\/plugins\/seo\/ -->\n<title>Clube de Investidores - inicia\u00e7\u00e3o aos investimentos - Andreia loves Jesus<\/title>\n<meta name=\"robots\" content=\"noindex, follow\" \/>\n<meta property=\"og:locale\" content=\"en_US\" \/>\n<meta property=\"og:type\" content=\"article\" \/>\n<meta property=\"og:title\" content=\"Clube de Investidores - inicia\u00e7\u00e3o aos investimentos - Andreia loves Jesus\" \/>\n<meta property=\"og:description\" content=\"D\u00e1 os primeiros passos nos teus investimentos com uma linguagem simples e acess\u00edvel. O dinheiro \u00e9 uma parte central da nossa vida. \u00c9 imprescind\u00edvel perceber como funciona e como o podemos utilizar a nosso favor. &nbsp;\" \/>\n<meta property=\"og:url\" content=\"https:\/\/aandreiaperes.com\/en\/product\/clube-de-investidores-iniciacao-aos-investimentos\/\" \/>\n<meta property=\"og:site_name\" content=\"Andreia loves Jesus\" \/>\n<meta property=\"article:modified_time\" content=\"2024-02-26T23:52:32+00:00\" \/>\n<meta property=\"og:image\" content=\"https:\/\/aandreiaperes.com\/wp-content\/uploads\/2024\/02\/CI-capa.png\" \/>\n\t<meta property=\"og:image:width\" content=\"1080\" \/>\n\t<meta property=\"og:image:height\" content=\"1080\" \/>\n\t<meta property=\"og:image:type\" content=\"image\/png\" \/>\n<meta name=\"twitter:card\" content=\"summary_large_image\" \/>\n<script type=\"application\/ld+json\" class=\"yoast-schema-graph\">{\"@context\":\"https:\/\/schema.org\",\"@graph\":[{\"@type\":\"WebPage\",\"@id\":\"https:\/\/aandreiaperes.com\/produto\/clube-de-investidores-iniciacao-aos-investimentos\/\",\"url\":\"https:\/\/aandreiaperes.com\/produto\/clube-de-investidores-iniciacao-aos-investimentos\/\",\"name\":\"Clube de Investidores - inicia\u00e7\u00e3o aos investimentos - Andreia loves Jesus\",\"isPartOf\":{\"@id\":\"https:\/\/aandreiaperes.com\/#website\"},\"primaryImageOfPage\":{\"@id\":\"https:\/\/aandreiaperes.com\/produto\/clube-de-investidores-iniciacao-aos-investimentos\/#primaryimage\"},\"image\":{\"@id\":\"https:\/\/aandreiaperes.com\/produto\/clube-de-investidores-iniciacao-aos-investimentos\/#primaryimage\"},\"thumbnailUrl\":\"https:\/\/aandreiaperes.com\/wp-content\/uploads\/2024\/02\/CI-capa.png\",\"datePublished\":\"2024-02-24T00:51:04+00:00\",\"dateModified\":\"2024-02-26T23:52:32+00:00\",\"breadcrumb\":{\"@id\":\"https:\/\/aandreiaperes.com\/produto\/clube-de-investidores-iniciacao-aos-investimentos\/#breadcrumb\"},\"inLanguage\":\"en-US\",\"potentialAction\":[{\"@type\":\"ReadAction\",\"target\":[\"https:\/\/aandreiaperes.com\/produto\/clube-de-investidores-iniciacao-aos-investimentos\/\"]}]},{\"@type\":\"ImageObject\",\"inLanguage\":\"en-US\",\"@id\":\"https:\/\/aandreiaperes.com\/produto\/clube-de-investidores-iniciacao-aos-investimentos\/#primaryimage\",\"url\":\"https:\/\/aandreiaperes.com\/wp-content\/uploads\/2024\/02\/CI-capa.png\",\"contentUrl\":\"https:\/\/aandreiaperes.com\/wp-content\/uploads\/2024\/02\/CI-capa.png\",\"width\":1080,\"height\":1080},{\"@type\":\"BreadcrumbList\",\"@id\":\"https:\/\/aandreiaperes.com\/produto\/clube-de-investidores-iniciacao-aos-investimentos\/#breadcrumb\",\"itemListElement\":[{\"@type\":\"ListItem\",\"position\":1,\"name\":\"In\u00edcio\",\"item\":\"https:\/\/aandreiaperes.com\/\"},{\"@type\":\"ListItem\",\"position\":2,\"name\":\"Loja\",\"item\":\"https:\/\/aandreiaperes.com\/loja\/\"},{\"@type\":\"ListItem\",\"position\":3,\"name\":\"Clube de Investidores &#8211; inicia\u00e7\u00e3o aos investimentos\"}]},{\"@type\":\"WebSite\",\"@id\":\"https:\/\/aandreiaperes.com\/#website\",\"url\":\"https:\/\/aandreiaperes.com\/\",\"name\":\"Andreia Peres\",\"description\":\"\",\"publisher\":{\"@id\":\"https:\/\/aandreiaperes.com\/#organization\"},\"potentialAction\":[{\"@type\":\"SearchAction\",\"target\":{\"@type\":\"EntryPoint\",\"urlTemplate\":\"https:\/\/aandreiaperes.com\/?s={search_term_string}\"},\"query-input\":\"required name=search_term_string\"}],\"inLanguage\":\"en-US\"},{\"@type\":\"Organization\",\"@id\":\"https:\/\/aandreiaperes.com\/#organization\",\"name\":\"Andreia Peres\",\"url\":\"https:\/\/aandreiaperes.com\/\",\"logo\":{\"@type\":\"ImageObject\",\"inLanguage\":\"en-US\",\"@id\":\"https:\/\/aandreiaperes.com\/#\/schema\/logo\/image\/\",\"url\":\"https:\/\/aandreiaperes.com\/wp-content\/uploads\/2021\/09\/Logo-dourado-1.png\",\"contentUrl\":\"https:\/\/aandreiaperes.com\/wp-content\/uploads\/2021\/09\/Logo-dourado-1.png\",\"width\":448,\"height\":161,\"caption\":\"Andreia Peres\"},\"image\":{\"@id\":\"https:\/\/aandreiaperes.com\/#\/schema\/logo\/image\/\"},\"sameAs\":[\"https:\/\/www.instagram.com\/a_andreiaperes\/?hl=pt\",\"https:\/\/www.youtube.com\/channel\/UCIavuFpJQIb22C_eq1u0oBg\",\"https:\/\/www.tiktok.com\/@a_andreiaperes\"]}]}<\/script>\n<!-- \/ Yoast SEO plugin. -->","yoast_head_json":{"title":"Clube de Investidores - inicia\u00e7\u00e3o aos investimentos - Andreia loves Jesus","robots":{"index":"noindex","follow":"follow"},"og_locale":"en_US","og_type":"article","og_title":"Clube de Investidores - inicia\u00e7\u00e3o aos investimentos - Andreia loves Jesus","og_description":"D\u00e1 os primeiros passos nos teus investimentos com uma linguagem simples e acess\u00edvel. O dinheiro \u00e9 uma parte central da nossa vida. \u00c9 imprescind\u00edvel perceber como funciona e como o podemos utilizar a nosso favor. &nbsp;","og_url":"https:\/\/aandreiaperes.com\/en\/product\/clube-de-investidores-iniciacao-aos-investimentos\/","og_site_name":"Andreia loves Jesus","article_modified_time":"2024-02-26T23:52:32+00:00","og_image":[{"width":1080,"height":1080,"url":"https:\/\/aandreiaperes.com\/wp-content\/uploads\/2024\/02\/CI-capa.png","type":"image\/png"}],"twitter_card":"summary_large_image","schema":{"@context":"https:\/\/schema.org","@graph":[{"@type":"WebPage","@id":"https:\/\/aandreiaperes.com\/produto\/clube-de-investidores-iniciacao-aos-investimentos\/","url":"https:\/\/aandreiaperes.com\/produto\/clube-de-investidores-iniciacao-aos-investimentos\/","name":"Clube de Investidores - inicia\u00e7\u00e3o aos investimentos - Andreia loves Jesus","isPartOf":{"@id":"https:\/\/aandreiaperes.com\/#website"},"primaryImageOfPage":{"@id":"https:\/\/aandreiaperes.com\/produto\/clube-de-investidores-iniciacao-aos-investimentos\/#primaryimage"},"image":{"@id":"https:\/\/aandreiaperes.com\/produto\/clube-de-investidores-iniciacao-aos-investimentos\/#primaryimage"},"thumbnailUrl":"https:\/\/aandreiaperes.com\/wp-content\/uploads\/2024\/02\/CI-capa.png","datePublished":"2024-02-24T00:51:04+00:00","dateModified":"2024-02-26T23:52:32+00:00","breadcrumb":{"@id":"https:\/\/aandreiaperes.com\/produto\/clube-de-investidores-iniciacao-aos-investimentos\/#breadcrumb"},"inLanguage":"en-US","potentialAction":[{"@type":"ReadAction","target":["https:\/\/aandreiaperes.com\/produto\/clube-de-investidores-iniciacao-aos-investimentos\/"]}]},{"@type":"ImageObject","inLanguage":"en-US","@id":"https:\/\/aandreiaperes.com\/produto\/clube-de-investidores-iniciacao-aos-investimentos\/#primaryimage","url":"https:\/\/aandreiaperes.com\/wp-content\/uploads\/2024\/02\/CI-capa.png","contentUrl":"https:\/\/aandreiaperes.com\/wp-content\/uploads\/2024\/02\/CI-capa.png","width":1080,"height":1080},{"@type":"BreadcrumbList","@id":"https:\/\/aandreiaperes.com\/produto\/clube-de-investidores-iniciacao-aos-investimentos\/#breadcrumb","itemListElement":[{"@type":"ListItem","position":1,"name":"In\u00edcio","item":"https:\/\/aandreiaperes.com\/"},{"@type":"ListItem","position":2,"name":"Loja","item":"https:\/\/aandreiaperes.com\/loja\/"},{"@type":"ListItem","position":3,"name":"Clube de Investidores &#8211; inicia\u00e7\u00e3o aos investimentos"}]},{"@type":"WebSite","@id":"https:\/\/aandreiaperes.com\/#website","url":"https:\/\/aandreiaperes.com\/","name":"Andreia Peres","description":"","publisher":{"@id":"https:\/\/aandreiaperes.com\/#organization"},"potentialAction":[{"@type":"SearchAction","target":{"@type":"EntryPoint","urlTemplate":"https:\/\/aandreiaperes.com\/?s={search_term_string}"},"query-input":"required name=search_term_string"}],"inLanguage":"en-US"},{"@type":"Organization","@id":"https:\/\/aandreiaperes.com\/#organization","name":"Andreia Peres","url":"https:\/\/aandreiaperes.com\/","logo":{"@type":"ImageObject","inLanguage":"en-US","@id":"https:\/\/aandreiaperes.com\/#\/schema\/logo\/image\/","url":"https:\/\/aandreiaperes.com\/wp-content\/uploads\/2021\/09\/Logo-dourado-1.png","contentUrl":"https:\/\/aandreiaperes.com\/wp-content\/uploads\/2021\/09\/Logo-dourado-1.png","width":448,"height":161,"caption":"Andreia Peres"},"image":{"@id":"https:\/\/aandreiaperes.com\/#\/schema\/logo\/image\/"},"sameAs":["https:\/\/www.instagram.com\/a_andreiaperes\/?hl=pt","https:\/\/www.youtube.com\/channel\/UCIavuFpJQIb22C_eq1u0oBg","https:\/\/www.tiktok.com\/@a_andreiaperes"]}]}},"_links":{"self":[{"href":"https:\/\/aandreiaperes.com\/en\/wp-json\/wp\/v2\/product\/7987"}],"collection":[{"href":"https:\/\/aandreiaperes.com\/en\/wp-json\/wp\/v2\/product"}],"about":[{"href":"https:\/\/aandreiaperes.com\/en\/wp-json\/wp\/v2\/types\/product"}],"replies":[{"embeddable":true,"href":"https:\/\/aandreiaperes.com\/en\/wp-json\/wp\/v2\/comments?post=7987"}],"wp:featuredmedia":[{"embeddable":true,"href":"https:\/\/aandreiaperes.com\/en\/wp-json\/wp\/v2\/media\/7992"}],"wp:attachment":[{"href":"https:\/\/aandreiaperes.com\/en\/wp-json\/wp\/v2\/media?parent=7987"}],"wp:term":[{"taxonomy":"product_cat","embeddable":true,"href":"https:\/\/aandreiaperes.com\/en\/wp-json\/wp\/v2\/product_cat?post=7987"},{"taxonomy":"product_tag","embeddable":true,"href":"https:\/\/aandreiaperes.com\/en\/wp-json\/wp\/v2\/product_tag?post=7987"}],"curies":[{"name":"wp","href":"https:\/\/api.w.org\/{rel}","templated":true}]}}