{"id":8194,"date":"2024-04-20T09:41:11","date_gmt":"2024-04-20T01:41:11","guid":{"rendered":"https:\/\/aandreiaperes.com\/?post_type=product&#038;p=8194"},"modified":"2024-04-25T00:24:51","modified_gmt":"2024-04-24T16:24:51","slug":"unidos-para-sempre","status":"publish","type":"product","link":"https:\/\/aandreiaperes.com\/en\/product\/unidos-para-sempre\/","title":{"rendered":"Unidos para Sempre"},"content":{"rendered":"","protected":false},"excerpt":{"rendered":"<p>Bem-vinda \u00e0 masterclass <strong>UNIDOS PARA SEMPRE<\/strong>!!!<\/p>\n<p>Ao longo de 16 anos de namoro e casamento eu e o Filipe pass\u00e1mos por v\u00e1rias fases de consci\u00eancia, compromisso e entrega e hoje vivemos uma uni\u00e3o, respeito e cumplicidade que desejo para todos os casais.<\/p>\n<p>&nbsp;<\/p>\n<p>Entre n\u00f3s n\u00e3o h\u00e1 segredos, n\u00e3o h\u00e1 agendas individuais, n\u00e3o h\u00e1 ego ou divis\u00e3o de algum g\u00e9nero.<\/p>\n<p>&nbsp;<\/p>\n<p>Os ensinamentos presentes nesta masterclass <strong>resultam<\/strong>!<\/p>\n<p>O nosso casamento resulta e eu sei que se seguires estes ensinamentos o teu casamento tamb\u00e9m ir\u00e1 resultar!<\/p>\n<p>&nbsp;<\/p>\n<p>O lan\u00e7amento oficial da masterclass ser\u00e1 quarta-feira, dia 24 de Abril.<\/p>\n<p>At\u00e9 l\u00e1 tens o periodo de <strong>pr\u00e9-venda a metade do pre\u00e7o<\/strong>!<\/p>\n<p>N\u00e3o deixes escapar!<\/p>\n<p>Vejo-te na masterclass!<\/p>\n<p>&nbsp;<\/p>","protected":false},"featured_media":8195,"comment_status":"open","ping_status":"closed","template":"","meta":[],"product_cat":[46,47],"product_tag":[],"class_list":{"0":"post-8194","1":"product","2":"type-product","3":"status-publish","4":"has-post-thumbnail","6":"product_cat-casamento","7":"product_cat-relacionamentos","9":"first","10":"instock","11":"virtual","12":"taxable","13":"purchasable","14":"product-type-simple"},"yoast_head":"<!-- This site is optimized with the Yoast SEO plugin v23.3 - https:\/\/yoast.com\/wordpress\/plugins\/seo\/ -->\n<title>Unidos para Sempre - Andreia loves Jesus<\/title>\n<meta name=\"robots\" content=\"noindex, follow\" \/>\n<meta property=\"og:locale\" content=\"en_US\" \/>\n<meta property=\"og:type\" content=\"article\" \/>\n<meta property=\"og:title\" content=\"Unidos para Sempre - Andreia loves Jesus\" \/>\n<meta property=\"og:description\" content=\"Bem-vinda \u00e0 masterclass UNIDOS PARA SEMPRE!!!  Ao longo de 16 anos de namoro e casamento eu e o Filipe pass\u00e1mos por v\u00e1rias fases de consci\u00eancia, compromisso e entrega e hoje vivemos uma uni\u00e3o, respeito e cumplicidade que desejo para todos os casais.  &nbsp;  Entre n\u00f3s n\u00e3o h\u00e1 segredos, n\u00e3o h\u00e1 agendas individuais, n\u00e3o h\u00e1 ego ou divis\u00e3o de algum g\u00e9nero.  &nbsp;  Os ensinamentos presentes nesta masterclass resultam!  O nosso casamento resulta e eu sei que se seguires estes ensinamentos o teu casamento tamb\u00e9m ir\u00e1 resultar!  &nbsp;  O lan\u00e7amento oficial da masterclass ser\u00e1 quarta-feira, dia 24 de Abril.  At\u00e9 l\u00e1 tens o periodo de pr\u00e9-venda a metade do pre\u00e7o!  N\u00e3o deixes escapar!  Vejo-te na masterclass!  &nbsp;\" \/>\n<meta property=\"og:url\" content=\"https:\/\/aandreiaperes.com\/en\/product\/unidos-para-sempre\/\" \/>\n<meta property=\"og:site_name\" content=\"Andreia loves Jesus\" \/>\n<meta property=\"article:modified_time\" content=\"2024-04-24T16:24:51+00:00\" \/>\n<meta property=\"og:image\" content=\"https:\/\/aandreiaperes.com\/wp-content\/uploads\/2024\/04\/Frame-738-1.png\" \/>\n\t<meta property=\"og:image:width\" content=\"1080\" \/>\n\t<meta property=\"og:image:height\" content=\"1080\" \/>\n\t<meta property=\"og:image:type\" content=\"image\/png\" \/>\n<meta name=\"twitter:card\" content=\"summary_large_image\" \/>\n<script type=\"application\/ld+json\" class=\"yoast-schema-graph\">{\"@context\":\"https:\/\/schema.org\",\"@graph\":[{\"@type\":\"WebPage\",\"@id\":\"https:\/\/aandreiaperes.com\/produto\/unidos-para-sempre\/\",\"url\":\"https:\/\/aandreiaperes.com\/produto\/unidos-para-sempre\/\",\"name\":\"Unidos para Sempre - Andreia loves Jesus\",\"isPartOf\":{\"@id\":\"https:\/\/aandreiaperes.com\/#website\"},\"primaryImageOfPage\":{\"@id\":\"https:\/\/aandreiaperes.com\/produto\/unidos-para-sempre\/#primaryimage\"},\"image\":{\"@id\":\"https:\/\/aandreiaperes.com\/produto\/unidos-para-sempre\/#primaryimage\"},\"thumbnailUrl\":\"https:\/\/aandreiaperes.com\/wp-content\/uploads\/2024\/04\/Frame-738-1.png\",\"datePublished\":\"2024-04-20T01:41:11+00:00\",\"dateModified\":\"2024-04-24T16:24:51+00:00\",\"breadcrumb\":{\"@id\":\"https:\/\/aandreiaperes.com\/produto\/unidos-para-sempre\/#breadcrumb\"},\"inLanguage\":\"en-US\",\"potentialAction\":[{\"@type\":\"ReadAction\",\"target\":[\"https:\/\/aandreiaperes.com\/produto\/unidos-para-sempre\/\"]}]},{\"@type\":\"ImageObject\",\"inLanguage\":\"en-US\",\"@id\":\"https:\/\/aandreiaperes.com\/produto\/unidos-para-sempre\/#primaryimage\",\"url\":\"https:\/\/aandreiaperes.com\/wp-content\/uploads\/2024\/04\/Frame-738-1.png\",\"contentUrl\":\"https:\/\/aandreiaperes.com\/wp-content\/uploads\/2024\/04\/Frame-738-1.png\",\"width\":1080,\"height\":1080},{\"@type\":\"BreadcrumbList\",\"@id\":\"https:\/\/aandreiaperes.com\/produto\/unidos-para-sempre\/#breadcrumb\",\"itemListElement\":[{\"@type\":\"ListItem\",\"position\":1,\"name\":\"In\u00edcio\",\"item\":\"https:\/\/aandreiaperes.com\/\"},{\"@type\":\"ListItem\",\"position\":2,\"name\":\"Loja\",\"item\":\"https:\/\/aandreiaperes.com\/loja\/\"},{\"@type\":\"ListItem\",\"position\":3,\"name\":\"Unidos para Sempre\"}]},{\"@type\":\"WebSite\",\"@id\":\"https:\/\/aandreiaperes.com\/#website\",\"url\":\"https:\/\/aandreiaperes.com\/\",\"name\":\"Andreia Peres\",\"description\":\"\",\"publisher\":{\"@id\":\"https:\/\/aandreiaperes.com\/#organization\"},\"potentialAction\":[{\"@type\":\"SearchAction\",\"target\":{\"@type\":\"EntryPoint\",\"urlTemplate\":\"https:\/\/aandreiaperes.com\/?s={search_term_string}\"},\"query-input\":\"required name=search_term_string\"}],\"inLanguage\":\"en-US\"},{\"@type\":\"Organization\",\"@id\":\"https:\/\/aandreiaperes.com\/#organization\",\"name\":\"Andreia Peres\",\"url\":\"https:\/\/aandreiaperes.com\/\",\"logo\":{\"@type\":\"ImageObject\",\"inLanguage\":\"en-US\",\"@id\":\"https:\/\/aandreiaperes.com\/#\/schema\/logo\/image\/\",\"url\":\"https:\/\/aandreiaperes.com\/wp-content\/uploads\/2021\/09\/Logo-dourado-1.png\",\"contentUrl\":\"https:\/\/aandreiaperes.com\/wp-content\/uploads\/2021\/09\/Logo-dourado-1.png\",\"width\":448,\"height\":161,\"caption\":\"Andreia Peres\"},\"image\":{\"@id\":\"https:\/\/aandreiaperes.com\/#\/schema\/logo\/image\/\"},\"sameAs\":[\"https:\/\/www.instagram.com\/a_andreiaperes\/?hl=pt\",\"https:\/\/www.youtube.com\/channel\/UCIavuFpJQIb22C_eq1u0oBg\",\"https:\/\/www.tiktok.com\/@a_andreiaperes\"]}]}<\/script>\n<!-- \/ Yoast SEO plugin. -->","yoast_head_json":{"title":"Unidos para Sempre - Andreia loves Jesus","robots":{"index":"noindex","follow":"follow"},"og_locale":"en_US","og_type":"article","og_title":"Unidos para Sempre - Andreia loves Jesus","og_description":"Bem-vinda \u00e0 masterclass UNIDOS PARA SEMPRE!!!  Ao longo de 16 anos de namoro e casamento eu e o Filipe pass\u00e1mos por v\u00e1rias fases de consci\u00eancia, compromisso e entrega e hoje vivemos uma uni\u00e3o, respeito e cumplicidade que desejo para todos os casais.  &nbsp;  Entre n\u00f3s n\u00e3o h\u00e1 segredos, n\u00e3o h\u00e1 agendas individuais, n\u00e3o h\u00e1 ego ou divis\u00e3o de algum g\u00e9nero.  &nbsp;  Os ensinamentos presentes nesta masterclass resultam!  O nosso casamento resulta e eu sei que se seguires estes ensinamentos o teu casamento tamb\u00e9m ir\u00e1 resultar!  &nbsp;  O lan\u00e7amento oficial da masterclass ser\u00e1 quarta-feira, dia 24 de Abril.  At\u00e9 l\u00e1 tens o periodo de pr\u00e9-venda a metade do pre\u00e7o!  N\u00e3o deixes escapar!  Vejo-te na masterclass!  &nbsp;","og_url":"https:\/\/aandreiaperes.com\/en\/product\/unidos-para-sempre\/","og_site_name":"Andreia loves Jesus","article_modified_time":"2024-04-24T16:24:51+00:00","og_image":[{"width":1080,"height":1080,"url":"https:\/\/aandreiaperes.com\/wp-content\/uploads\/2024\/04\/Frame-738-1.png","type":"image\/png"}],"twitter_card":"summary_large_image","schema":{"@context":"https:\/\/schema.org","@graph":[{"@type":"WebPage","@id":"https:\/\/aandreiaperes.com\/produto\/unidos-para-sempre\/","url":"https:\/\/aandreiaperes.com\/produto\/unidos-para-sempre\/","name":"Unidos para Sempre - Andreia loves Jesus","isPartOf":{"@id":"https:\/\/aandreiaperes.com\/#website"},"primaryImageOfPage":{"@id":"https:\/\/aandreiaperes.com\/produto\/unidos-para-sempre\/#primaryimage"},"image":{"@id":"https:\/\/aandreiaperes.com\/produto\/unidos-para-sempre\/#primaryimage"},"thumbnailUrl":"https:\/\/aandreiaperes.com\/wp-content\/uploads\/2024\/04\/Frame-738-1.png","datePublished":"2024-04-20T01:41:11+00:00","dateModified":"2024-04-24T16:24:51+00:00","breadcrumb":{"@id":"https:\/\/aandreiaperes.com\/produto\/unidos-para-sempre\/#breadcrumb"},"inLanguage":"en-US","potentialAction":[{"@type":"ReadAction","target":["https:\/\/aandreiaperes.com\/produto\/unidos-para-sempre\/"]}]},{"@type":"ImageObject","inLanguage":"en-US","@id":"https:\/\/aandreiaperes.com\/produto\/unidos-para-sempre\/#primaryimage","url":"https:\/\/aandreiaperes.com\/wp-content\/uploads\/2024\/04\/Frame-738-1.png","contentUrl":"https:\/\/aandreiaperes.com\/wp-content\/uploads\/2024\/04\/Frame-738-1.png","width":1080,"height":1080},{"@type":"BreadcrumbList","@id":"https:\/\/aandreiaperes.com\/produto\/unidos-para-sempre\/#breadcrumb","itemListElement":[{"@type":"ListItem","position":1,"name":"In\u00edcio","item":"https:\/\/aandreiaperes.com\/"},{"@type":"ListItem","position":2,"name":"Loja","item":"https:\/\/aandreiaperes.com\/loja\/"},{"@type":"ListItem","position":3,"name":"Unidos para Sempre"}]},{"@type":"WebSite","@id":"https:\/\/aandreiaperes.com\/#website","url":"https:\/\/aandreiaperes.com\/","name":"Andreia Peres","description":"","publisher":{"@id":"https:\/\/aandreiaperes.com\/#organization"},"potentialAction":[{"@type":"SearchAction","target":{"@type":"EntryPoint","urlTemplate":"https:\/\/aandreiaperes.com\/?s={search_term_string}"},"query-input":"required name=search_term_string"}],"inLanguage":"en-US"},{"@type":"Organization","@id":"https:\/\/aandreiaperes.com\/#organization","name":"Andreia Peres","url":"https:\/\/aandreiaperes.com\/","logo":{"@type":"ImageObject","inLanguage":"en-US","@id":"https:\/\/aandreiaperes.com\/#\/schema\/logo\/image\/","url":"https:\/\/aandreiaperes.com\/wp-content\/uploads\/2021\/09\/Logo-dourado-1.png","contentUrl":"https:\/\/aandreiaperes.com\/wp-content\/uploads\/2021\/09\/Logo-dourado-1.png","width":448,"height":161,"caption":"Andreia Peres"},"image":{"@id":"https:\/\/aandreiaperes.com\/#\/schema\/logo\/image\/"},"sameAs":["https:\/\/www.instagram.com\/a_andreiaperes\/?hl=pt","https:\/\/www.youtube.com\/channel\/UCIavuFpJQIb22C_eq1u0oBg","https:\/\/www.tiktok.com\/@a_andreiaperes"]}]}},"_links":{"self":[{"href":"https:\/\/aandreiaperes.com\/en\/wp-json\/wp\/v2\/product\/8194"}],"collection":[{"href":"https:\/\/aandreiaperes.com\/en\/wp-json\/wp\/v2\/product"}],"about":[{"href":"https:\/\/aandreiaperes.com\/en\/wp-json\/wp\/v2\/types\/product"}],"replies":[{"embeddable":true,"href":"https:\/\/aandreiaperes.com\/en\/wp-json\/wp\/v2\/comments?post=8194"}],"wp:featuredmedia":[{"embeddable":true,"href":"https:\/\/aandreiaperes.com\/en\/wp-json\/wp\/v2\/media\/8195"}],"wp:attachment":[{"href":"https:\/\/aandreiaperes.com\/en\/wp-json\/wp\/v2\/media?parent=8194"}],"wp:term":[{"taxonomy":"product_cat","embeddable":true,"href":"https:\/\/aandreiaperes.com\/en\/wp-json\/wp\/v2\/product_cat?post=8194"},{"taxonomy":"product_tag","embeddable":true,"href":"https:\/\/aandreiaperes.com\/en\/wp-json\/wp\/v2\/product_tag?post=8194"}],"curies":[{"name":"wp","href":"https:\/\/api.w.org\/{rel}","templated":true}]}}